{"id":8,"date":"2025-06-26T12:47:42","date_gmt":"2025-06-26T12:47:42","guid":{"rendered":"https:\/\/sites.generatepress.com\/painter\/?page_id=8"},"modified":"2026-03-22T15:02:18","modified_gmt":"2026-03-22T15:02:18","slug":"home","status":"publish","type":"page","link":"https:\/\/verein.hades.wpspace.me\/","title":{"rendered":"Home"},"content":{"rendered":"\n<div class=\"gb-element-33a99403\">\n<div class=\"gb-element-189d95cc\">\n<h1 class=\"gb-text gb-text-d7189a1f\"><strong>H-Artland<\/strong>&nbsp;ist ein gemeinn\u00fctziger Verein zur F\u00f6rderung von Bildung und Wissenschaft, Kunst und Kultur.<\/h1>\n\n\n\n<div class=\"gb-element-921c3b37\">\n<a class=\"gb-text-f4aeeaac\" href=\"https:\/\/verein.hades.wpspace.me\/?page_id=448\"><span class=\"gb-shape\"><svg xmlns=\"http:\/\/www.w3.org\/2000\/svg\" viewBox=\"0 0 46 22\"><path d=\"m45.41 9.59-9-9a2.004 2.004 0 0 0-3.42 1.42c0 .54.21 1.04.59 1.41l5.59 5.59H2c-1.1 0-2 .9-2 2s.9 2 2 2h37.17l-5.59 5.58c-.38.38-.59.88-.59 1.42s.21 1.04.59 1.41c.38.38.88.59 1.42.59s1.04-.21 1.41-.59l9-9c.38-.38.59-.88.59-1.42 0-.53-.21-1.04-.59-1.41Z\"><\/path><\/svg><\/span><span class=\"gb-text\">NEUIGKEITEN<\/span><\/a>\n<\/div>\n<\/div>\n<\/div>\n\n\n\n<div class=\"gb-element-5cec76a0\">\n<div class=\"gb-element-ace29183\">\n<div>\n<p>Der gemeinn\u00fctzige Verein H:Artland e.V. wurde im Februar 2014 gegr\u00fcndet. Zweck von H:Artland ist die <strong>F\u00f6rderung von Bildung und Wissenschaft, Kunst und Kultur<\/strong> f\u00fcr das Allgemeinwohl. Nach der Abgabenordnung verfolgt ein Verein dann gemeinn\u00fctzige Zwecke, wenn seine T\u00e4tigkeit darauf gerichtet ist, die Allgemeinheit auf geistigem, sittlichem oder materiellem Gebiet selbstlos zu f\u00f6rdern. Das zust\u00e4ndige Finanzamt hat die Gemeinn\u00fctzigkeit von H:Artland e.V. festgestellt. <\/p>\n\n\n\n<figure class=\"wp-block-image size-full\"><img loading=\"lazy\" decoding=\"async\" width=\"960\" height=\"640\" src=\"https:\/\/verein.hades.wpspace.me\/wp-content\/uploads\/2026\/03\/neuronen-verbindungen-960x640px.jpg\" alt=\"\" class=\"wp-image-719\" srcset=\"https:\/\/verein.hades.wpspace.me\/wp-content\/uploads\/2026\/03\/neuronen-verbindungen-960x640px.jpg 960w, https:\/\/verein.hades.wpspace.me\/wp-content\/uploads\/2026\/03\/neuronen-verbindungen-960x640px-300x200.jpg 300w, https:\/\/verein.hades.wpspace.me\/wp-content\/uploads\/2026\/03\/neuronen-verbindungen-960x640px-768x512.jpg 768w\" sizes=\"auto, (max-width: 960px) 100vw, 960px\" \/><\/figure>\n<\/div>\n\n\n\n<div>\n<p>Unser Team besteht aus vier der sieben Gr\u00fcndungsmitglieder und der Schatzmeisterin. Gemeinsam unterst\u00fctzen wir <strong>Menschen und Vereine im Kultur- sowie im Bildungsbereich<\/strong> und <strong>f\u00f6rdern deren inhaltlichen Austausch <\/strong>untereinander.<\/p>\n\n\n\n<div>\n<span class=\"gb-shape gb-shape-9a024bd3\"><svg xmlns=\"http:\/\/www.w3.org\/2000\/svg\" viewBox=\"0 0 196.31 155.84\"><path d=\"M0 107.46C0 73.96 32.56 25.12 58.61 0l15.35 13.03c-14.89 18.61-24.65 35.82-30.7 56.29 30.7 0 46.05 21.4 46.05 43.26s-15.35 43.26-44.66 43.26S0 134.44 0 107.46Zm106.53 0c0-33.49 33.03-82.34 59.08-107.46l14.89 13.03c-14.42 18.61-24.65 35.82-30.24 56.29 30.7 0 46.05 21.4 46.05 43.26s-15.82 43.26-44.66 43.26-45.12-21.4-45.12-48.38Z\"><\/path><\/svg><\/span>\n\n\n\n<h3 class=\"gb-text gb-text-404fc02d\">Erfolg ist&#8230;oft und viel lachen; die Achtung intelligenter Menschen und die Zuneigung von Kindern gewinnen; die Anerkennung aufrichtiger Kritiker verdienen und den Verrat falscher Freunde ertragen; Sch\u00f6nheit bewundern, in anderen das Beste finden; die Welt ein wenig besser verlassen, ob durch ein Kind, ein St\u00fcckchen Garten oder einen kleinen Betrag zur Verbesserung der Gesellschaft; wissen, dass wenigsten das Leben eines anderen Menschen leichter war, weil du gelebt hat. Das bedeutet, nicht umsonst gelebt zu haben.<\/h3>\n\n\n\n<p class=\"gb-text gb-text-3cdf772b\">\u2013 Ralph Waldo Emerson (amerik. Philosoph 1803 \u2013 1882)<\/p>\n<\/div>\n<\/div>\n<\/div>\n<\/div>\n\n\n\n<div class=\"gb-element-09815c16\">\n<div class=\"gb-element-bc2878f5\">\n<div>\n<img loading=\"lazy\" decoding=\"async\" width=\"853\" height=\"640\" class=\"gb-media-34a92068\" alt=\"\" src=\"https:\/\/verein.hades.wpspace.me\/wp-content\/uploads\/2026\/03\/Ueberschrift-hinzufuegen-13.png\" title=\"\u00dcberschrift hinzuf\u00fcgen-13\" srcset=\"https:\/\/verein.hades.wpspace.me\/wp-content\/uploads\/2026\/03\/Ueberschrift-hinzufuegen-13.png 853w, https:\/\/verein.hades.wpspace.me\/wp-content\/uploads\/2026\/03\/Ueberschrift-hinzufuegen-13-300x225.png 300w, https:\/\/verein.hades.wpspace.me\/wp-content\/uploads\/2026\/03\/Ueberschrift-hinzufuegen-13-768x576.png 768w\" sizes=\"auto, (max-width: 853px) 100vw, 853px\" \/>\n<\/div>\n\n\n\n<div>\n<img loading=\"lazy\" decoding=\"async\" width=\"853\" height=\"640\" class=\"gb-media-06bb30c3\" alt=\"\" src=\"https:\/\/verein.hades.wpspace.me\/wp-content\/uploads\/2026\/03\/Ueberschrift-hinzufuegen-11.png\" title=\"\u00dcberschrift hinzuf\u00fcgen-11\" srcset=\"https:\/\/verein.hades.wpspace.me\/wp-content\/uploads\/2026\/03\/Ueberschrift-hinzufuegen-11.png 853w, https:\/\/verein.hades.wpspace.me\/wp-content\/uploads\/2026\/03\/Ueberschrift-hinzufuegen-11-300x225.png 300w, https:\/\/verein.hades.wpspace.me\/wp-content\/uploads\/2026\/03\/Ueberschrift-hinzufuegen-11-768x576.png 768w\" sizes=\"auto, (max-width: 853px) 100vw, 853px\" \/>\n<\/div>\n\n\n\n<div>\n<img loading=\"lazy\" decoding=\"async\" width=\"853\" height=\"640\" class=\"gb-media-db1d6faa\" alt=\"\" src=\"https:\/\/verein.hades.wpspace.me\/wp-content\/uploads\/2026\/03\/Ueberschrift-hinzufuegen-3.png\" title=\"\u00dcberschrift hinzuf\u00fcgen-3\" srcset=\"https:\/\/verein.hades.wpspace.me\/wp-content\/uploads\/2026\/03\/Ueberschrift-hinzufuegen-3.png 853w, https:\/\/verein.hades.wpspace.me\/wp-content\/uploads\/2026\/03\/Ueberschrift-hinzufuegen-3-300x225.png 300w, https:\/\/verein.hades.wpspace.me\/wp-content\/uploads\/2026\/03\/Ueberschrift-hinzufuegen-3-768x576.png 768w\" sizes=\"auto, (max-width: 853px) 100vw, 853px\" \/>\n<\/div>\n\n\n\n<div>\n<p class=\"gb-text gb-text-34fde546\">Erfolgreiche Projekte aus<\/p>\n\n\n\n<h2 class=\"gb-text gb-text-401ce9c1\">Kunst und Kultur<\/h2>\n\n\n\n<div class=\"gb-element-5ea18913\">\n<a class=\"gb-text-65b0b220\" href=\"https:\/\/verein.hades.wpspace.me\/?page_id=692\"><span class=\"gb-text\">ZUM ARCHIV<\/span><span class=\"gb-shape\"><svg xmlns=\"http:\/\/www.w3.org\/2000\/svg\" viewBox=\"0 0 46 22\"><path d=\"m45.41 9.59-9-9a2.004 2.004 0 0 0-3.42 1.42c0 .54.21 1.04.59 1.41l5.59 5.59H2c-1.1 0-2 .9-2 2s.9 2 2 2h37.17l-5.59 5.58c-.38.38-.59.88-.59 1.42s.21 1.04.59 1.41c.38.38.88.59 1.42.59s1.04-.21 1.41-.59l9-9c.38-.38.59-.88.59-1.42 0-.53-.21-1.04-.59-1.41Z\"><\/path><\/svg><\/span><\/a>\n<\/div>\n<\/div>\n\n\n\n<div class=\"gb-element-79dc6d39\">\n<p class=\"gb-text gb-text-27443b1d\"><strong>The Pause Between<\/strong>&nbsp;captures moments of stillness and transition\u2014those quiet spaces where thought and feeling blur. Each painting reflects a tension between movement and calm, inviting quiet reflection.<\/p>\n\n\n\n<p class=\"gb-text gb-text-22d5af74\">Created with layered oils, the works combine soft glazes and bold strokes. This interplay of texture and restraint mirrors the theme: what happens in the spaces we often overlook.<\/p>\n<\/div>\n<\/div>\n<\/div>\n\n\n\n<div class=\"gb-element-97392108\">\n<div class=\"gb-element-471d251e\">\n<div class=\"wp-block-group\"><div class=\"wp-block-group__inner-container is-layout-constrained wp-block-group-is-layout-constrained\">\n<figure class=\"wp-block-image size-large\"><img loading=\"lazy\" decoding=\"async\" width=\"1024\" height=\"805\" src=\"https:\/\/verein.hades.wpspace.me\/wp-content\/uploads\/2026\/03\/Verein-zur-Foerderung-von-Kunst-und-Kultur-Wissenschaft-und-Bildung-e1701111582238-1024x805.jpg\" alt=\"\" class=\"wp-image-710\" srcset=\"https:\/\/verein.hades.wpspace.me\/wp-content\/uploads\/2026\/03\/Verein-zur-Foerderung-von-Kunst-und-Kultur-Wissenschaft-und-Bildung-e1701111582238-1024x805.jpg 1024w, https:\/\/verein.hades.wpspace.me\/wp-content\/uploads\/2026\/03\/Verein-zur-Foerderung-von-Kunst-und-Kultur-Wissenschaft-und-Bildung-e1701111582238-300x236.jpg 300w, https:\/\/verein.hades.wpspace.me\/wp-content\/uploads\/2026\/03\/Verein-zur-Foerderung-von-Kunst-und-Kultur-Wissenschaft-und-Bildung-e1701111582238-768x604.jpg 768w, https:\/\/verein.hades.wpspace.me\/wp-content\/uploads\/2026\/03\/Verein-zur-Foerderung-von-Kunst-und-Kultur-Wissenschaft-und-Bildung-e1701111582238.jpg 1302w\" sizes=\"auto, (max-width: 1024px) 100vw, 1024px\" \/><\/figure>\n<\/div><\/div>\n<\/div>\n\n\n\n<div class=\"gb-element-04b504ee\">\n<p class=\"gb-text gb-text-4b5b6df7\">Im Fokus 2026<\/p>\n\n\n\n<h2 class=\"gb-text gb-text-c04f7bbd\">Gesundheitsbildung<\/h2>\n\n\n\n<p class=\"gb-text gb-text-a9d74641\">aus dem F\u00f6rderungsschwerpunkt BILDUNG<\/p>\n\n\n\n<p class=\"gb-text gb-text-6f1c2915\">alle zwei bis drei Jahre \u00fcberlegen wir uns, auf welchen Bereich wir einen besonderen Fokus legen wollen. Dies bedeutet nicht, dass wir unsere Bem\u00fchungen ausschlie\u00dflich auf diesen Teilbereich konzentrieren. Vielmehr dient es dem Erschlie\u00dfen eines &#8222;neuen&#8220; Bereichs f\u00fcr unseren Verein. Es hat sich gezeigt, dass die meisten Bereiche, die einmal im Fokus standen, nicht mehr verschwunden sind aus unserem Blickfeld, aber eben immer neue hinzugekommen sind. Das Spektrum unserer Vereinst\u00e4tigkeit hat sich &#8211; im Rahmen unserer M\u00f6glichkeiten &#8211; dadurch langsam aber stetig erweitert.<\/p>\n\n\n\n<div class=\"gb-element-eb9e64f1\">\n<a class=\"gb-text-a5183ee0\" href=\"https:\/\/verein.hades.wpspace.me\/?page_id=764\"><span class=\"gb-text\">MEHR zum THEMA<\/span><span class=\"gb-shape\"><svg xmlns=\"http:\/\/www.w3.org\/2000\/svg\" viewBox=\"0 0 46 22\"><path d=\"m45.41 9.59-9-9a2.004 2.004 0 0 0-3.42 1.42c0 .54.21 1.04.59 1.41l5.59 5.59H2c-1.1 0-2 .9-2 2s.9 2 2 2h37.17l-5.59 5.58c-.38.38-.59.88-.59 1.42s.21 1.04.59 1.41c.38.38.88.59 1.42.59s1.04-.21 1.41-.59l9-9c.38-.38.59-.88.59-1.42 0-.53-.21-1.04-.59-1.41Z\"><\/path><\/svg><\/span><\/a>\n<\/div>\n<\/div>\n<\/div>\n\n\n\n<div class=\"gb-element-c124e271\">\n<div class=\"gb-element-a8ba15f7\">\n<div>\n<img loading=\"lazy\" decoding=\"async\" width=\"853\" height=\"640\" class=\"gb-media-2d572fc6\" alt=\"\" src=\"https:\/\/verein.hades.wpspace.me\/wp-content\/uploads\/2026\/03\/Ueberschrift-hinzufuegen-7.png\" title=\"\u00dcberschrift hinzuf\u00fcgen-7\" srcset=\"https:\/\/verein.hades.wpspace.me\/wp-content\/uploads\/2026\/03\/Ueberschrift-hinzufuegen-7.png 853w, https:\/\/verein.hades.wpspace.me\/wp-content\/uploads\/2026\/03\/Ueberschrift-hinzufuegen-7-300x225.png 300w, https:\/\/verein.hades.wpspace.me\/wp-content\/uploads\/2026\/03\/Ueberschrift-hinzufuegen-7-768x576.png 768w\" sizes=\"auto, (max-width: 853px) 100vw, 853px\" \/>\n<\/div>\n\n\n\n<div>\n<img loading=\"lazy\" decoding=\"async\" width=\"853\" height=\"640\" class=\"gb-media-9a058613\" alt=\"\" src=\"https:\/\/verein.hades.wpspace.me\/wp-content\/uploads\/2026\/03\/Ueberschrift-hinzufuegen-10.png\" title=\"\u00dcberschrift hinzuf\u00fcgen-10\" srcset=\"https:\/\/verein.hades.wpspace.me\/wp-content\/uploads\/2026\/03\/Ueberschrift-hinzufuegen-10.png 853w, https:\/\/verein.hades.wpspace.me\/wp-content\/uploads\/2026\/03\/Ueberschrift-hinzufuegen-10-300x225.png 300w, https:\/\/verein.hades.wpspace.me\/wp-content\/uploads\/2026\/03\/Ueberschrift-hinzufuegen-10-768x576.png 768w\" sizes=\"auto, (max-width: 853px) 100vw, 853px\" \/>\n<\/div>\n\n\n\n<div>\n<img loading=\"lazy\" decoding=\"async\" width=\"853\" height=\"640\" class=\"gb-media-1fb17ad2\" alt=\"\" src=\"https:\/\/verein.hades.wpspace.me\/wp-content\/uploads\/2026\/03\/Ueberschrift-hinzufuegen-9.png\" title=\"\u00dcberschrift hinzuf\u00fcgen-9\" srcset=\"https:\/\/verein.hades.wpspace.me\/wp-content\/uploads\/2026\/03\/Ueberschrift-hinzufuegen-9.png 853w, https:\/\/verein.hades.wpspace.me\/wp-content\/uploads\/2026\/03\/Ueberschrift-hinzufuegen-9-300x225.png 300w, https:\/\/verein.hades.wpspace.me\/wp-content\/uploads\/2026\/03\/Ueberschrift-hinzufuegen-9-768x576.png 768w\" sizes=\"auto, (max-width: 853px) 100vw, 853px\" \/>\n<\/div>\n\n\n\n<div class=\"gb-element-e397a623\">\n<p class=\"gb-text gb-text-7a6b4a9f\"><strong>The Pause Between<\/strong>&nbsp;captures moments of stillness and transition\u2014those quiet spaces where thought and feeling blur. Each painting reflects a tension between movement and calm, inviting quiet reflection.<\/p>\n\n\n\n<p class=\"gb-text gb-text-64d27d3d\">Created with layered oils, the works combine soft glazes and bold strokes. This interplay of texture and restraint mirrors the theme: what happens in the spaces we often overlook.<\/p>\n<\/div>\n\n\n\n<div>\n<p class=\"gb-text gb-text-08307acd\">Erfolgreiche Projekte aus<\/p>\n\n\n\n<h2 class=\"gb-text gb-text-0abe653f\">Wissenschaft und Bildung<\/h2>\n\n\n\n<div class=\"gb-element-12a7eadd\">\n<a class=\"gb-text-3bb95949\" href=\"https:\/\/verein.hades.wpspace.me\/?page_id=692\"><span class=\"gb-text\">ZUM ARCHIV<\/span><span class=\"gb-shape\"><svg xmlns=\"http:\/\/www.w3.org\/2000\/svg\" viewBox=\"0 0 46 22\"><path d=\"m45.41 9.59-9-9a2.004 2.004 0 0 0-3.42 1.42c0 .54.21 1.04.59 1.41l5.59 5.59H2c-1.1 0-2 .9-2 2s.9 2 2 2h37.17l-5.59 5.58c-.38.38-.59.88-.59 1.42s.21 1.04.59 1.41c.38.38.88.59 1.42.59s1.04-.21 1.41-.59l9-9c.38-.38.59-.88.59-1.42 0-.53-.21-1.04-.59-1.41Z\"><\/path><\/svg><\/span><\/a>\n<\/div>\n<\/div>\n<\/div>\n<\/div>\n","protected":false},"excerpt":{"rendered":"<p>H-Artland&nbsp;ist ein gemeinn\u00fctziger Verein zur F\u00f6rderung von Bildung und Wissenschaft, Kunst und Kultur. NEUIGKEITEN Der gemeinn\u00fctzige Verein H:Artland e.V. wurde im Februar 2014 gegr\u00fcndet. Zweck von H:Artland ist die F\u00f6rderung von Bildung und Wissenschaft, Kunst und Kultur f\u00fcr das Allgemeinwohl. Nach der Abgabenordnung verfolgt ein Verein dann gemeinn\u00fctzige Zwecke, wenn seine T\u00e4tigkeit darauf gerichtet ist, &#8230; <a title=\"Home\" class=\"read-more\" href=\"https:\/\/verein.hades.wpspace.me\/\" aria-label=\"Mehr Informationen \u00fcber Home\">Weiterlesen &#8230;<\/a><\/p>\n","protected":false},"author":1,"featured_media":0,"parent":0,"menu_order":0,"comment_status":"closed","ping_status":"closed","template":"","meta":{"footnotes":""},"class_list":["post-8","page","type-page","status-publish"],"_links":{"self":[{"href":"https:\/\/verein.hades.wpspace.me\/index.php?rest_route=\/wp\/v2\/pages\/8","targetHints":{"allow":["GET"]}}],"collection":[{"href":"https:\/\/verein.hades.wpspace.me\/index.php?rest_route=\/wp\/v2\/pages"}],"about":[{"href":"https:\/\/verein.hades.wpspace.me\/index.php?rest_route=\/wp\/v2\/types\/page"}],"author":[{"embeddable":true,"href":"https:\/\/verein.hades.wpspace.me\/index.php?rest_route=\/wp\/v2\/users\/1"}],"replies":[{"embeddable":true,"href":"https:\/\/verein.hades.wpspace.me\/index.php?rest_route=%2Fwp%2Fv2%2Fcomments&post=8"}],"version-history":[{"count":18,"href":"https:\/\/verein.hades.wpspace.me\/index.php?rest_route=\/wp\/v2\/pages\/8\/revisions"}],"predecessor-version":[{"id":863,"href":"https:\/\/verein.hades.wpspace.me\/index.php?rest_route=\/wp\/v2\/pages\/8\/revisions\/863"}],"wp:attachment":[{"href":"https:\/\/verein.hades.wpspace.me\/index.php?rest_route=%2Fwp%2Fv2%2Fmedia&parent=8"}],"curies":[{"name":"wp","href":"https:\/\/api.w.org\/{rel}","templated":true}]}}