{"id":764,"date":"2026-03-14T16:51:41","date_gmt":"2026-03-14T16:51:41","guid":{"rendered":"https:\/\/verein.hades.wpspace.me\/?page_id=764"},"modified":"2026-03-22T15:48:56","modified_gmt":"2026-03-22T15:48:56","slug":"fokus","status":"publish","type":"page","link":"https:\/\/verein.hades.wpspace.me\/?page_id=764","title":{"rendered":"Fokus"},"content":{"rendered":"\n<div class=\"gb-element-33a99403\">\n<div class=\"gb-element-161a92dc\">\n<h1 class=\"gb-text gb-text-38016bd3\">Im Fokus<\/h1>\n<\/div>\n\n\n\n<p><\/p>\n\n\n\n<p class=\"gb-text\">alle zwei bis drei Jahre \u00fcberlegen wir uns, auf welchen Bereich wir einen besonderen Fokus legen wollen. Dies bedeutet nicht, dass wir unsere Bem\u00fchungen ausschlie\u00dflich auf diesen Teilbereich konzentrieren. Vielmehr dient es dem Erschlie\u00dfen eines &#8222;neuen&#8220; Bereichs f\u00fcr unseren Verein. Es hat sich gezeigt, dass die meisten Bereiche, die einmal im Fokus standen, nicht mehr verschwunden sind aus unserem Blickfeld, aber eben immer neue hinzugekommen sind. Das Spektrum unserer Vereinst\u00e4tigkeit hat sich &#8211; im Rahmen unserer M\u00f6glichkeiten &#8211; dadurch langsam, aber stetig erweitert.<\/p>\n\n\n\n<div class=\"gb-element-da113edf\">\n<div class=\"gb-element-788223ca\">\n<p><\/p>\n\n\n\n<p class=\"gb-text gb-text-71559581\">Lorem ipsum dolor sit amet, consectetur adipiscing elit. Suspendisse varius enim in eros elementum tristique. Duis cursus, mi quis viverra ornare, eros dolor interdum nulla, ut commodo diam libero vitae erat.<\/p>\n\n\n\n<div class=\"gb-element-c9c6d58f\">\n<a class=\"gb-text-4f214ecb\" href=\"https:\/\/sites.generatepress.com\/painter\/single-portfolio\/\"><span class=\"gb-text\">view the Collection<\/span><span class=\"gb-shape\"><svg xmlns=\"http:\/\/www.w3.org\/2000\/svg\" viewBox=\"0 0 46 22\"><path d=\"m45.41 9.59-9-9a2.004 2.004 0 0 0-3.42 1.42c0 .54.21 1.04.59 1.41l5.59 5.59H2c-1.1 0-2 .9-2 2s.9 2 2 2h37.17l-5.59 5.58c-.38.38-.59.88-.59 1.42s.21 1.04.59 1.41c.38.38.88.59 1.42.59s1.04-.21 1.41-.59l9-9c.38-.38.59-.88.59-1.42 0-.53-.21-1.04-.59-1.41Z\"><\/path><\/svg><\/span><\/a>\n<\/div>\n<\/div>\n\n\n\n<div class=\"gb-element-8343df81\">\n<p><\/p>\n\n\n\n<h2 class=\"gb-text gb-text-b87ef49f\">Gesundheitsbildung<\/h2>\n\n\n\n<p class=\"gb-text gb-text-44c76391\">ab 2026<\/p>\n<\/div>\n<\/div>\n\n\n\n<div class=\"gb-element-d49b2988\">\n<div class=\"gb-element-4e49d5bd\">\n<div class=\"gb-element-e76faf37\">\n<h2 class=\"gb-text gb-text-f4d8fa7b\">Bildende Kunst <\/h2>\n\n\n\n<p class=\"gb-text gb-text-5b2b14bd\">2023 to 2025<\/p>\n<\/div>\n\n\n\n<div class=\"gb-element-9c78b875\">\n<p class=\"gb-text gb-text-f5168bdf\">Lorem ipsum dolor sit amet, consectetur adipiscing elit. Suspendisse varius enim in eros elementum tristique. Duis cursus, mi quis viverra ornare, eros dolor interdum nulla, ut commodo diam libero vitae erat.<\/p>\n\n\n\n<div class=\"gb-element-ed828b52\">\n<a class=\"gb-text-55489597\" href=\"https:\/\/sites.generatepress.com\/painter\/single-portfolio\/\"><span class=\"gb-text\">view the Collection<\/span><span class=\"gb-shape\"><svg xmlns=\"http:\/\/www.w3.org\/2000\/svg\" viewBox=\"0 0 46 22\"><path d=\"m45.41 9.59-9-9a2.004 2.004 0 0 0-3.42 1.42c0 .54.21 1.04.59 1.41l5.59 5.59H2c-1.1 0-2 .9-2 2s.9 2 2 2h37.17l-5.59 5.58c-.38.38-.59.88-.59 1.42s.21 1.04.59 1.41c.38.38.88.59 1.42.59s1.04-.21 1.41-.59l9-9c.38-.38.59-.88.59-1.42 0-.53-.21-1.04-.59-1.41Z\"><\/path><\/svg><\/span><\/a>\n<\/div>\n<\/div>\n<\/div>\n\n\n\n<div class=\"gb-element-f0e836b9\">\n<div>\n<figure>\n<img loading=\"lazy\" decoding=\"async\" width=\"1080\" height=\"1350\" class=\"gb-media-dd96ee0a\" alt=\"\" src=\"https:\/\/verein.hades.wpspace.me\/wp-content\/uploads\/2026\/03\/Plakat_LOSLASSEN_250120_V2final_RGB-EVENTS-IG_web.jpg\" title=\"Plakat_LOSLASSEN_250120_V2final_RGB - EVENTS - IG_web\" srcset=\"https:\/\/verein.hades.wpspace.me\/wp-content\/uploads\/2026\/03\/Plakat_LOSLASSEN_250120_V2final_RGB-EVENTS-IG_web.jpg 1080w, https:\/\/verein.hades.wpspace.me\/wp-content\/uploads\/2026\/03\/Plakat_LOSLASSEN_250120_V2final_RGB-EVENTS-IG_web-240x300.jpg 240w, https:\/\/verein.hades.wpspace.me\/wp-content\/uploads\/2026\/03\/Plakat_LOSLASSEN_250120_V2final_RGB-EVENTS-IG_web-819x1024.jpg 819w, https:\/\/verein.hades.wpspace.me\/wp-content\/uploads\/2026\/03\/Plakat_LOSLASSEN_250120_V2final_RGB-EVENTS-IG_web-768x960.jpg 768w\" sizes=\"auto, (max-width: 1080px) 100vw, 1080px\" \/>\n<\/figure>\n<\/div>\n\n\n\n<div>\n<img loading=\"lazy\" decoding=\"async\" width=\"938\" height=\"989\" class=\"gb-media-2f16cfd1\" alt=\"\" src=\"https:\/\/verein.hades.wpspace.me\/wp-content\/uploads\/2026\/03\/20220622_174846-scaled-e1701075093404.jpg\" title=\"20220622_174846-scaled-e1701075093404\" srcset=\"https:\/\/verein.hades.wpspace.me\/wp-content\/uploads\/2026\/03\/20220622_174846-scaled-e1701075093404.jpg 938w, https:\/\/verein.hades.wpspace.me\/wp-content\/uploads\/2026\/03\/20220622_174846-scaled-e1701075093404-285x300.jpg 285w, https:\/\/verein.hades.wpspace.me\/wp-content\/uploads\/2026\/03\/20220622_174846-scaled-e1701075093404-768x810.jpg 768w\" sizes=\"auto, (max-width: 938px) 100vw, 938px\" \/>\n<\/div>\n\n\n\n<div>\n<img loading=\"lazy\" decoding=\"async\" width=\"853\" height=\"640\" class=\"gb-media-55d87056\" alt=\"\" src=\"https:\/\/verein.hades.wpspace.me\/wp-content\/uploads\/2026\/03\/Ueberschrift-hinzufuegen-3.png\" title=\"\u00dcberschrift hinzuf\u00fcgen-3\" srcset=\"https:\/\/verein.hades.wpspace.me\/wp-content\/uploads\/2026\/03\/Ueberschrift-hinzufuegen-3.png 853w, https:\/\/verein.hades.wpspace.me\/wp-content\/uploads\/2026\/03\/Ueberschrift-hinzufuegen-3-300x225.png 300w, https:\/\/verein.hades.wpspace.me\/wp-content\/uploads\/2026\/03\/Ueberschrift-hinzufuegen-3-768x576.png 768w\" sizes=\"auto, (max-width: 853px) 100vw, 853px\" \/>\n<\/div>\n<\/div>\n<\/div>\n\n\n\n<div class=\"gb-element-b797511a\">\n<div class=\"gb-element-4c8c411f\">\n<div class=\"gb-element-3664cb9a\">\n<p class=\"gb-text gb-text-93be1cc9\">Lorem ipsum dolor sit amet, consectetur adipiscing elit. Suspendisse varius enim in eros elementum tristique. Duis cursus, mi quis viverra ornare, eros dolor interdum nulla, ut commodo diam libero vitae erat.<\/p>\n\n\n\n<div class=\"gb-element-eb9e64f1\">\n<a class=\"gb-text-a5183ee0\" href=\"https:\/\/sites.generatepress.com\/painter\/single-portfolio\/\"><span class=\"gb-text\">view the Collection<\/span><span class=\"gb-shape\"><svg xmlns=\"http:\/\/www.w3.org\/2000\/svg\" viewBox=\"0 0 46 22\"><path d=\"m45.41 9.59-9-9a2.004 2.004 0 0 0-3.42 1.42c0 .54.21 1.04.59 1.41l5.59 5.59H2c-1.1 0-2 .9-2 2s.9 2 2 2h37.17l-5.59 5.58c-.38.38-.59.88-.59 1.42s.21 1.04.59 1.41c.38.38.88.59 1.42.59s1.04-.21 1.41-.59l9-9c.38-.38.59-.88.59-1.42 0-.53-.21-1.04-.59-1.41Z\"><\/path><\/svg><\/span><\/a>\n<\/div>\n<\/div>\n\n\n\n<div class=\"gb-element-e00e1889\">\n<h2 class=\"gb-text gb-text-52c814e6\">Darstellende Kunst<\/h2>\n\n\n\n<p class=\"gb-text gb-text-30f86dd4\">2022 to 2025<\/p>\n<\/div>\n<\/div>\n\n\n\n<div class=\"gb-element-7c01d80e\">\n<div>\n<figure>\n<img loading=\"lazy\" decoding=\"async\" width=\"1810\" height=\"2560\" class=\"gb-media-72aab8e8\" alt=\"\" src=\"https:\/\/verein.hades.wpspace.me\/wp-content\/uploads\/2026\/03\/LM2-DR_web-scaled-1.jpg\" title=\"LM2-DR_web-scaled\" srcset=\"https:\/\/verein.hades.wpspace.me\/wp-content\/uploads\/2026\/03\/LM2-DR_web-scaled-1.jpg 1810w, https:\/\/verein.hades.wpspace.me\/wp-content\/uploads\/2026\/03\/LM2-DR_web-scaled-1-212x300.jpg 212w, https:\/\/verein.hades.wpspace.me\/wp-content\/uploads\/2026\/03\/LM2-DR_web-scaled-1-724x1024.jpg 724w, https:\/\/verein.hades.wpspace.me\/wp-content\/uploads\/2026\/03\/LM2-DR_web-scaled-1-768x1086.jpg 768w, https:\/\/verein.hades.wpspace.me\/wp-content\/uploads\/2026\/03\/LM2-DR_web-scaled-1-1086x1536.jpg 1086w, https:\/\/verein.hades.wpspace.me\/wp-content\/uploads\/2026\/03\/LM2-DR_web-scaled-1-1448x2048.jpg 1448w\" sizes=\"auto, (max-width: 1810px) 100vw, 1810px\" \/>\n<\/figure>\n<\/div>\n\n\n\n<div>\n<img loading=\"lazy\" decoding=\"async\" width=\"1654\" height=\"2341\" class=\"gb-media-03ae905d\" alt=\"\" src=\"https:\/\/verein.hades.wpspace.me\/wp-content\/uploads\/2026\/03\/Jetlag_Poster_ohne_Logos.jpg\" title=\"35 001\" srcset=\"https:\/\/verein.hades.wpspace.me\/wp-content\/uploads\/2026\/03\/Jetlag_Poster_ohne_Logos.jpg 1654w, https:\/\/verein.hades.wpspace.me\/wp-content\/uploads\/2026\/03\/Jetlag_Poster_ohne_Logos-212x300.jpg 212w, https:\/\/verein.hades.wpspace.me\/wp-content\/uploads\/2026\/03\/Jetlag_Poster_ohne_Logos-723x1024.jpg 723w, https:\/\/verein.hades.wpspace.me\/wp-content\/uploads\/2026\/03\/Jetlag_Poster_ohne_Logos-768x1087.jpg 768w, https:\/\/verein.hades.wpspace.me\/wp-content\/uploads\/2026\/03\/Jetlag_Poster_ohne_Logos-1085x1536.jpg 1085w, https:\/\/verein.hades.wpspace.me\/wp-content\/uploads\/2026\/03\/Jetlag_Poster_ohne_Logos-1447x2048.jpg 1447w\" sizes=\"auto, (max-width: 1654px) 100vw, 1654px\" \/>\n<\/div>\n\n\n\n<div>\n<img loading=\"lazy\" decoding=\"async\" width=\"640\" height=\"853\" class=\"gb-media-cca739f5\" alt=\"\" src=\"https:\/\/verein.hades.wpspace.me\/wp-content\/uploads\/2025\/06\/jene-stephaniuk-uu8FKtgYLak-unsplash.jpg\" title=\"jene-stephaniuk-uu8FKtgYLak-unsplash\" srcset=\"https:\/\/verein.hades.wpspace.me\/wp-content\/uploads\/2025\/06\/jene-stephaniuk-uu8FKtgYLak-unsplash.jpg 640w, https:\/\/verein.hades.wpspace.me\/wp-content\/uploads\/2025\/06\/jene-stephaniuk-uu8FKtgYLak-unsplash-225x300.jpg 225w\" sizes=\"auto, (max-width: 640px) 100vw, 640px\" \/>\n<\/div>\n<\/div>\n<\/div>\n\n\n\n<div class=\"gb-element-15e6c969\">\n<div class=\"gb-element-7e37cb43\">\n<div class=\"gb-element-b3912891\">\n<h2 class=\"gb-text gb-text-6a49c6e3\">Kulturinstitutionen<\/h2>\n\n\n\n<p class=\"gb-text gb-text-74efd0c9\">2022 to 2025<\/p>\n<\/div>\n\n\n\n<div class=\"gb-element-f594f697\">\n<p class=\"gb-text gb-text-8fefdae1\">Aufgrund der Schlie\u00dfung aller Kulturst\u00e4tten zum Schutz der Menschen w\u00e4hrend der Corona-Krise stand Kulturinsitutionen und Kultuschaffende vor der gro\u00dfen Herausforderung, laufende Kosten zu decken &#8211; ohne Einnahmen zu haben. Wir haben der eine Spendenaktion ins Leben gerufen, um das\u00a0<strong>Rationaltheater<\/strong>\u00a0zu unterst\u00fctzen. Bei der Spendenaktion kamen unbeschreibliche und fantastische\u00a0<strong>21.613 Euro<\/strong>\u00a0zusammen, von\u00a0<strong>treuen Fans<\/strong>\u00a0dieses wundersch\u00f6nen Theaters und dank der zwei Verdopplungsaktionen der\u00a0<strong>Stadtsparkasse M\u00fcnchen<\/strong>, die \u00fcber die Plattform\u00a0<strong>WirWunder<\/strong>\u00a0(ehemals gut-euer-muenchen) in Zusammenarbeit mit betterplace an bestimmten Aktionstagen Spenden bis zu 100 Euro verdoppelte.<\/p>\n\n\n\n<div class=\"gb-element-7360b851\">\n<a class=\"gb-text-76d1700d\" href=\"https:\/\/sites.generatepress.com\/painter\/single-portfolio\/\"><span class=\"gb-text\">ZUM RATIONALTHEATER<\/span><span class=\"gb-shape\"><svg xmlns=\"http:\/\/www.w3.org\/2000\/svg\" viewBox=\"0 0 46 22\"><path d=\"m45.41 9.59-9-9a2.004 2.004 0 0 0-3.42 1.42c0 .54.21 1.04.59 1.41l5.59 5.59H2c-1.1 0-2 .9-2 2s.9 2 2 2h37.17l-5.59 5.58c-.38.38-.59.88-.59 1.42s.21 1.04.59 1.41c.38.38.88.59 1.42.59s1.04-.21 1.41-.59l9-9c.38-.38.59-.88.59-1.42 0-.53-.21-1.04-.59-1.41Z\"><\/path><\/svg><\/span><\/a>\n<\/div>\n<\/div>\n<\/div>\n\n\n\n<div class=\"gb-element-db78590f\">\n<div>\n<img loading=\"lazy\" decoding=\"async\" width=\"640\" height=\"853\" class=\"gb-media-dc4b9877\" alt=\"\" src=\"https:\/\/verein.hades.wpspace.me\/wp-content\/uploads\/2025\/06\/jene-stephaniuk-DbM_3B2qILs-unsplash.jpg\" title=\"jene-stephaniuk-DbM_3B2qILs-unsplash\" srcset=\"https:\/\/verein.hades.wpspace.me\/wp-content\/uploads\/2025\/06\/jene-stephaniuk-DbM_3B2qILs-unsplash.jpg 640w, https:\/\/verein.hades.wpspace.me\/wp-content\/uploads\/2025\/06\/jene-stephaniuk-DbM_3B2qILs-unsplash-225x300.jpg 225w\" sizes=\"auto, (max-width: 640px) 100vw, 640px\" \/>\n<\/div>\n\n\n\n<div>\n<img loading=\"lazy\" decoding=\"async\" width=\"640\" height=\"867\" class=\"gb-media-ceac4bab\" alt=\"\" src=\"https:\/\/verein.hades.wpspace.me\/wp-content\/uploads\/2025\/06\/jene-stephaniuk-npor1lLefTk-unsplash.jpg\" title=\"jene-stephaniuk-npor1lLefTk-unsplash\" srcset=\"https:\/\/verein.hades.wpspace.me\/wp-content\/uploads\/2025\/06\/jene-stephaniuk-npor1lLefTk-unsplash.jpg 640w, https:\/\/verein.hades.wpspace.me\/wp-content\/uploads\/2025\/06\/jene-stephaniuk-npor1lLefTk-unsplash-221x300.jpg 221w\" sizes=\"auto, (max-width: 640px) 100vw, 640px\" \/>\n<\/div>\n\n\n\n<div>\n<img loading=\"lazy\" decoding=\"async\" width=\"640\" height=\"853\" class=\"gb-media-4af5e13c\" alt=\"\" src=\"https:\/\/verein.hades.wpspace.me\/wp-content\/uploads\/2025\/06\/jene-stephaniuk-uu8FKtgYLak-unsplash.jpg\" title=\"jene-stephaniuk-uu8FKtgYLak-unsplash\" srcset=\"https:\/\/verein.hades.wpspace.me\/wp-content\/uploads\/2025\/06\/jene-stephaniuk-uu8FKtgYLak-unsplash.jpg 640w, https:\/\/verein.hades.wpspace.me\/wp-content\/uploads\/2025\/06\/jene-stephaniuk-uu8FKtgYLak-unsplash-225x300.jpg 225w\" sizes=\"auto, (max-width: 640px) 100vw, 640px\" \/>\n<\/div>\n<\/div>\n<\/div>\n\n\n\n<div class=\"gb-element-8938b486\">\n<div class=\"gb-element-6c7f6e4e\">\n<div class=\"gb-element-c59ce086\">\n<p class=\"gb-text gb-text-4b1251d7\">Lorem ipsum dolor sit amet, consectetur adipiscing elit. Suspendisse varius enim in eros elementum tristique. Duis cursus, mi quis viverra ornare, eros dolor interdum nulla, ut commodo diam libero vitae erat.<\/p>\n\n\n\n<div class=\"gb-element-a886b491\">\n<a class=\"gb-text-df7b86c7\" href=\"https:\/\/sites.generatepress.com\/painter\/single-portfolio\/\"><span class=\"gb-text\">view the Collection<\/span><span class=\"gb-shape\"><svg xmlns=\"http:\/\/www.w3.org\/2000\/svg\" viewBox=\"0 0 46 22\"><path d=\"m45.41 9.59-9-9a2.004 2.004 0 0 0-3.42 1.42c0 .54.21 1.04.59 1.41l5.59 5.59H2c-1.1 0-2 .9-2 2s.9 2 2 2h37.17l-5.59 5.58c-.38.38-.59.88-.59 1.42s.21 1.04.59 1.41c.38.38.88.59 1.42.59s1.04-.21 1.41-.59l9-9c.38-.38.59-.88.59-1.42 0-.53-.21-1.04-.59-1.41Z\"><\/path><\/svg><\/span><\/a>\n<\/div>\n<\/div>\n\n\n\n<div class=\"gb-element-7144a68d\">\n<h2 class=\"gb-text gb-text-28f62ff7\">Digitale Kulturvermittlung<\/h2>\n\n\n\n<p class=\"gb-text gb-text-de4f74a5\">2022 to 2025<\/p>\n<\/div>\n<\/div>\n\n\n\n<div class=\"gb-element-32d79b38\">\n<div>\n<img loading=\"lazy\" decoding=\"async\" width=\"640\" height=\"853\" class=\"gb-media-f432803e\" alt=\"\" src=\"https:\/\/verein.hades.wpspace.me\/wp-content\/uploads\/2025\/06\/jene-stephaniuk-DbM_3B2qILs-unsplash.jpg\" title=\"jene-stephaniuk-DbM_3B2qILs-unsplash\" srcset=\"https:\/\/verein.hades.wpspace.me\/wp-content\/uploads\/2025\/06\/jene-stephaniuk-DbM_3B2qILs-unsplash.jpg 640w, https:\/\/verein.hades.wpspace.me\/wp-content\/uploads\/2025\/06\/jene-stephaniuk-DbM_3B2qILs-unsplash-225x300.jpg 225w\" sizes=\"auto, (max-width: 640px) 100vw, 640px\" \/>\n<\/div>\n\n\n\n<div>\n<img loading=\"lazy\" decoding=\"async\" width=\"640\" height=\"867\" class=\"gb-media-cfff2699\" alt=\"\" src=\"https:\/\/verein.hades.wpspace.me\/wp-content\/uploads\/2025\/06\/jene-stephaniuk-npor1lLefTk-unsplash.jpg\" title=\"jene-stephaniuk-npor1lLefTk-unsplash\" srcset=\"https:\/\/verein.hades.wpspace.me\/wp-content\/uploads\/2025\/06\/jene-stephaniuk-npor1lLefTk-unsplash.jpg 640w, https:\/\/verein.hades.wpspace.me\/wp-content\/uploads\/2025\/06\/jene-stephaniuk-npor1lLefTk-unsplash-221x300.jpg 221w\" sizes=\"auto, (max-width: 640px) 100vw, 640px\" \/>\n<\/div>\n\n\n\n<div>\n<img loading=\"lazy\" decoding=\"async\" width=\"640\" height=\"853\" class=\"gb-media-02058a77\" alt=\"\" src=\"https:\/\/verein.hades.wpspace.me\/wp-content\/uploads\/2025\/06\/jene-stephaniuk-uu8FKtgYLak-unsplash.jpg\" title=\"jene-stephaniuk-uu8FKtgYLak-unsplash\" srcset=\"https:\/\/verein.hades.wpspace.me\/wp-content\/uploads\/2025\/06\/jene-stephaniuk-uu8FKtgYLak-unsplash.jpg 640w, https:\/\/verein.hades.wpspace.me\/wp-content\/uploads\/2025\/06\/jene-stephaniuk-uu8FKtgYLak-unsplash-225x300.jpg 225w\" sizes=\"auto, (max-width: 640px) 100vw, 640px\" \/>\n<\/div>\n<\/div>\n<\/div>\n<\/div>\n\n\n\n<div class=\"gb-element-f6b1094f\">\n<p class=\"gb-text gb-text-b12229a8\">Jedes Jahr \u00fcberlegen wir uns, auf welchen Bereich wir eine Fokus legen wollen. Dies bedeutet nicht, dass wir unsere Bem\u00fchungen ausschlie\u00dflich auf diesen Teilbereich konzentrieren. Vielmehr dient es dem Erschlie\u00dfen eines &#8222;neuen&#8220; Bereichs f\u00fcr unseren Verein.Es hat sich gezeigt, dass die meisten Bereiche, die einmal im Fokus standen, nicht mehr verschwunden sind aus unserem Blickfeld, aber eben immer neue hinzugekommen sind. Das Spektrum unserer Vereinst\u00e4tigkeit hat sich &#8211; im Rahmen unserer M\u00f6glichkeiten &#8211; dadurch langsam aber stetig erweitert.<br><\/p>\n\n\n\n<p>AUSBLICK 2026: BILDUNG<br>Im kommenden Jahr wollen wir den Fokus auf den&nbsp;<strong>Bereich Bildung<\/strong>&nbsp;legen.&nbsp;<br><\/p>\n\n\n\n<p>2022\/2023: BILDENDE KUNST &amp; LITERATUR<br><\/p>\n\n\n\n<p>\u00dcBERBLICK<\/p>\n\n\n\n<p><br>2023 unterst\u00fctzt H:Artland im Bereich Darstellende Kunst zwei Ausstellungen, au\u00dferdem im Bereich Literatur zum einen Lesungen im Rahmen der Reihe Cinema Punkt im Rationtheater, zum anderen die Vertonung von Gedichten f\u00fcr ein geplantes Buchprojekt von Roland Hagenberg.<br>Ausstellung I AM THE PRODUCT&nbsp;<br>CINEMA PUNKT \u2013 Lesen im Kino&nbsp;<br>Ausstellung: DIE ZEITMASCHINE<br>Lyrik: BEDSIDE POEMS&nbsp;<br><\/p>\n\n\n\n<p>PROJEKTE<br><strong>I AM THE PRODUCT von wolforreal<\/strong><br>TRASHART-M\u00dcLLKUNST. M\u00fcll ist ein globales Problem &#8211; und florierendes Gesch\u00e4ftsmodell, auf Kosten der \u00c4rmsten auf der ganzen Welt. Die Serie &#8222;I am the product&#8220; soll dem M\u00fcll eine zweite Chance geben. F\u00fcr die Werke wurde zu mehr als 95% ausschlie\u00dflich der pers\u00f6nliche M\u00fcll des K\u00fcnstlers verwendet. Wie k\u00f6nnte man seinem ganzen M\u00fcll zu etwas Neuem und Sch\u00f6nem, Inspirierenden und Nachdenklichen verarbeiten? Wie k\u00f6nnte man seine Lebenszeit durch Upsycling verl\u00e4ngern? Die Antwort liefert die Technik der Collage. Und so begann der K\u00fcnstler wolforreal, seinen M\u00fcll zu sammeln und zu bearbeiten, ihn zu demontieren und neu zu collagieren, um diesem M\u00fcll eine neue \u00c4sthetik und einen neuen Sinn zu geben.<br><\/p>\n\n\n\n<p><strong>CINEMA PUNKT \u2013 Lesen im Kino&nbsp;<\/strong>Die Kooperation vom Rationaltheater mit dem vielfach ausgezeichneten Programmkino Luna Filmtheater in Ludwigslust, soll das neue Format Literatur eng mit Film verbinden. Wie bei den Theaterprojekten stehen Autor:innen im Vordergrund, die sich in ihren Werken mit aktuellen, politischen und gesellschaftlichen Themen auseinander setzen. Nach jeder Lesung wird ein Film gezeigt, der die Thematik aufgreift, aber durchaus einen anderen Blickwinkel bieten k\u00f6nnte.<br><\/p>\n\n\n\n<p><strong>DIE ZEITMASCHINE &#8211; multimediale Installation<\/strong><br>Im Rahmen der Stadtteilwoche Ramersdorf-Perlach wurde das Pepper Theater zur Zeitmaschine. In einer von KulturBunt Neuperlach konzipierten und von M\u00fcnchner Kunstschaffenden (Helena Detsch, Julius Kammerl, Matthias Stadler, Moritz Bohnenberger, Mario Steigerwald, notyet, swagner, TAN TON, Vera &amp; Romy Karolus, Wolforreal) gestalteten Installation reiste das Publikum durch die Zeit. Eine Veranstaltung von Kulturbunt Neuperlach in Kooperation mit TAM TAM.<br><\/p>\n\n\n\n<p><strong>BEDSIDE POEMS<\/strong><br>Der Schriftsteller, K\u00fcnstler und Fotograf Roland Hagenberg wuchs in Wien, \u00d6sterreich, auf. Er lebt derzeit in Tokio und Kyoto. Seine Essays, Reiseberichte und Interviews werden in internationalen Publikationen ver\u00f6ffentlicht. ein Theaterst\u00fcck &#8222;Jetlag&#8220; wurde 2018 am Rationaltheater in M\u00fcnchen uraufgef\u00fchrt. F\u00fcr sein geplantes Buch &#8222;Bedside Poems&#8220;, eine Sammlung von rund 40 Gedichten, werden nun als Teaser vier dieser Gedichte von Sabine Heckmann vertont.<br><\/p>\n\n\n\n<p>2020\/2021: UNTERST\u00dcTZUNG VON KULTURINSTITUTIONEN UND K\u00dcNSTLERN W\u00c4HREND DER CORONA-PANDEMIE<br>Aufgrund der Schlie\u00dfung aller Kulturst\u00e4tten zum Schutz der Menschen w\u00e4hrend der Corona-Krise stand Kulturinsitutionen und Kultuschaffende vor der gro\u00dfen Herausforderung, laufende Kosten zu decken &#8211; ohne Einnahmen zu haben. Wir haben der eine Spendenaktion ins Leben gerufen, um das&nbsp;<strong>Rationaltheater<\/strong>&nbsp;zu unterst\u00fctzen. Bei der Spendenaktion kamen unbeschreibliche und fantastische&nbsp;<strong>21.613 Euro<\/strong>&nbsp;zusammen, von&nbsp;<strong>treuen Fans<\/strong>&nbsp;dieses wundersch\u00f6nen Theaters und dank der zwei Verdopplungsaktionen der&nbsp;<strong>Stadtsparkasse M\u00fcnchen<\/strong>, die \u00fcber die Plattform&nbsp;<strong>WirWunder<\/strong>&nbsp;(ehemals gut-euer-muenchen) in Zusammenarbeit mit betterplace an bestimmten Aktionstagen Spenden bis zu 100 Euro verdoppelte.<br><\/p>\n\n\n\n<p>2018\/2019: DARSTELLENDE KUNST<br><\/p>\n\n\n\n<p>\u00dcberblick<br>H:Artland hat 2018\/19 insgesamt drei Theaterst\u00fccke unterst\u00fctzt:<br><\/p>\n\n\n\n<p>Theater: JETLAG<br>Theater: FANAL<br>Theater: LILI MARLEEN<br><\/p>\n\n\n\n<p>Projekte<br><strong>LILI MARLEEN<\/strong><\/p>\n\n\n\n<p>LILI MARLEEN ist ein<em>&nbsp;document politique<\/em>&nbsp;und viel mehr noch ein&nbsp;<em>document humain. LM&nbsp;<\/em>beschreibt mit unbestechlicher Reflexion, makaberem Zynismus und illusionsloser Kaltbl\u00fctigkeit ihre Rolle in der Vernichtungsmaschinerie der Nationalsozialisten. Ihr eigenes Schicksal erw\u00e4hnt sie mit keinem Wort.&nbsp;Nicht das Ungew\u00f6hnliche wird in diesem St\u00fcck geschildert, sondern das was Millionen von Frauen in fast jeder kriegerischen Auseinandersetzung erleben. Eine Seite des Krieges, die systematisch beschwiegen wird.<br><\/p>\n\n\n\n<p><strong>Jetlag<\/strong><\/p>\n\n\n\n<p>In Jetlag beschreibt der \u00f6sterreichische Autor und K\u00fcnstler Roland Hagenberg den Umgang mit Demenz aus der Sicht einer alleinstehenden Mutter in M\u00fcnchen und ihres Sohnes, der in Tokio lebt.&nbsp;In seinem St\u00fcck schildert er nicht nur den Verlauf einer t\u00f6dlichen Krankheit, sondern ein Dilemma unserer Zeit: \u201eDie disproportionale Distanz\u201c, wie er sagt. \u201eAuf der multikulturellen, vernetzten, globalen Ebene kommen wir uns n\u00e4her, auf der zwischenmenschlichen r\u00fccken wir auseinander. Konflikte entstehen in jeder Familie sp\u00e4testens bei der Konfrontation mit dem Altwerden. Denn Zeit f\u00fcr die Pflege der Eltern aufbringen, hei\u00dft Konkurrenzf\u00e4higkeit und Einkommen aufs Spiel setzen \u2013 und damit unter Umst\u00e4nden die eigene Altersversorgung.\u201c<br><\/p>\n\n\n\n<p><strong>Fanal<\/strong><\/p>\n\n\n\n<p><br>Fanaldokumentiert die revolution\u00e4ren Ereignisse in M\u00fcnchen von November 1918 bis Mai 1919,&nbsp;l\u00e4sst die Revolution\u00e4re in ihrem Widerspruch zu Wort kommen und geht der Frage nach, inwieweit die Wiederholung der Geschichte unvermeidbar ist.<br><br>2017\/2018: KULTURVERMITTLUNG<br><\/p>\n\n\n\n<p>Kunst- und Kulturvermittlung<br>Die Kunst- und Kulturvermittlung, ist von erheblicher Bedeutung f\u00fcr Kulturschaffende, Kulturinstitutionen und den Menschen, die sich mit Kunst &amp; Kultur auseinandersetzen wollen. Sie unterliegt daher einem stetigen Wandel, Perspektive und Bedeutung, Herangehensweise und Deutungshoheit werden immer erneut ausgelotet, vermessen, diskutiert, ver\u00e4ndert, erweitert. Insbesondere die digitale Kulturvermittlung hat sich in den vergangen Jahren entwickelt und bekommt mehr &#8211; wenn auch lange noch nicht ausreichend- Aufmerksamkeit. Hier haben wir versucht, einen bescheidenen Beitrag zu leisten.<\/p>\n\n\n\n<div class=\"gb-element-9408761f\">\n<div class=\"gb-element-b37c5549\">\n<h2 class=\"gb-text\">Let&#8217;s work together<\/h2>\n\n\n\n<div class=\"gb-element-0952423f\">\n<div class=\"gb-element-df09f396\">\n<img loading=\"lazy\" decoding=\"async\" width=\"300\" height=\"240\" class=\"gb-media-4a0fb58e\" alt=\"\" src=\"https:\/\/sites.generatepress.com\/painter\/wp-content\/uploads\/sites\/186\/2025\/06\/m-cooper-Unsplash-lg-300x240.jpg\" title=\"m-cooper-Unsplash-lg\" srcset=\"https:\/\/verein.hades.wpspace.me\/wp-content\/uploads\/2025\/06\/m-cooper-Unsplash-lg-300x240.jpg 300w, https:\/\/verein.hades.wpspace.me\/wp-content\/uploads\/2025\/06\/m-cooper-Unsplash-lg-768x614.jpg 768w, https:\/\/verein.hades.wpspace.me\/wp-content\/uploads\/2025\/06\/m-cooper-Unsplash-lg.jpg 800w\" sizes=\"auto, (max-width: 300px) 100vw, 300px\" \/>\n<\/div>\n\n\n\n<div>\n<p class=\"gb-text gbp-section__text--sm gb-text-0d7e96dd\">Thank you for your time!<\/p>\n\n\n\n<p class=\"gb-text gbp-section__text--sm gb-text-ff0454b1\">\u2013 Marc Painter<\/p>\n<\/div>\n<\/div>\n<\/div>\n\n\n\n<div>\n<div class=\"gb-element-24b3d0b7\">\n<p class=\"gb-text gb-text-d5d4866e\">Your Name<\/p>\n\n\n\n<div class=\"gb-element-6d8d1fdd\"><\/div>\n\n\n\n<p class=\"gb-text gb-text-63a9e133\">Email address<\/p>\n\n\n\n<div class=\"gb-element-86ad1f8b\"><\/div>\n\n\n\n<p class=\"gb-text gb-text-d93dc13a\">Message<\/p>\n\n\n\n<div class=\"gb-element-e51416db\"><\/div>\n\n\n\n<div class=\"gb-element-9d7c2fb0\">\n<a class=\"gb-text gb-text-1261168c\">Submit<\/a>\n<\/div>\n\n\n\n<p class=\"gb-text gb-text-6769564b\">*Replace this mock form with your preferred form plugin<\/p>\n<\/div>\n<\/div>\n<\/div>\n<\/div>\n\n\n\n<p><\/p>\n","protected":false},"excerpt":{"rendered":"<p>Im Fokus alle zwei bis drei Jahre \u00fcberlegen wir uns, auf welchen Bereich wir einen besonderen Fokus legen wollen. Dies bedeutet nicht, dass wir unsere Bem\u00fchungen ausschlie\u00dflich auf diesen Teilbereich konzentrieren. Vielmehr dient es dem Erschlie\u00dfen eines &#8222;neuen&#8220; Bereichs f\u00fcr unseren Verein. Es hat sich gezeigt, dass die meisten Bereiche, die einmal im Fokus standen, &#8230; <a title=\"Fokus\" class=\"read-more\" href=\"https:\/\/verein.hades.wpspace.me\/?page_id=764\" aria-label=\"Mehr Informationen \u00fcber Fokus\">Weiterlesen &#8230;<\/a><\/p>\n","protected":false},"author":1,"featured_media":0,"parent":0,"menu_order":0,"comment_status":"closed","ping_status":"closed","template":"","meta":{"footnotes":""},"class_list":["post-764","page","type-page","status-publish"],"_links":{"self":[{"href":"https:\/\/verein.hades.wpspace.me\/index.php?rest_route=\/wp\/v2\/pages\/764","targetHints":{"allow":["GET"]}}],"collection":[{"href":"https:\/\/verein.hades.wpspace.me\/index.php?rest_route=\/wp\/v2\/pages"}],"about":[{"href":"https:\/\/verein.hades.wpspace.me\/index.php?rest_route=\/wp\/v2\/types\/page"}],"author":[{"embeddable":true,"href":"https:\/\/verein.hades.wpspace.me\/index.php?rest_route=\/wp\/v2\/users\/1"}],"replies":[{"embeddable":true,"href":"https:\/\/verein.hades.wpspace.me\/index.php?rest_route=%2Fwp%2Fv2%2Fcomments&post=764"}],"version-history":[{"count":7,"href":"https:\/\/verein.hades.wpspace.me\/index.php?rest_route=\/wp\/v2\/pages\/764\/revisions"}],"predecessor-version":[{"id":873,"href":"https:\/\/verein.hades.wpspace.me\/index.php?rest_route=\/wp\/v2\/pages\/764\/revisions\/873"}],"wp:attachment":[{"href":"https:\/\/verein.hades.wpspace.me\/index.php?rest_route=%2Fwp%2Fv2%2Fmedia&parent=764"}],"curies":[{"name":"wp","href":"https:\/\/api.w.org\/{rel}","templated":true}]}}