{"id":692,"date":"2026-03-13T19:53:33","date_gmt":"2026-03-13T19:53:33","guid":{"rendered":"https:\/\/verein.hades.wpspace.me\/?page_id=692"},"modified":"2026-03-15T09:41:02","modified_gmt":"2026-03-15T09:41:02","slug":"archiv","status":"publish","type":"page","link":"https:\/\/verein.hades.wpspace.me\/?page_id=692","title":{"rendered":"Archiv"},"content":{"rendered":"\n<div class=\"gb-element-62160a4b\">\n<div class=\"gb-element-69ba1ce5\">\n<div>\n<h2 class=\"gb-text gb-text-cd051642\">St\u00f6bern<\/h2>\n\n\n<form role=\"search\" method=\"get\" action=\"https:\/\/verein.hades.wpspace.me\/\" class=\"wp-block-search__button-inside wp-block-search__icon-button alignright wp-block-search\"    ><label class=\"wp-block-search__label screen-reader-text\" for=\"wp-block-search__input-1\" >Suchen<\/label><div class=\"wp-block-search__inside-wrapper\" ><input class=\"wp-block-search__input\" id=\"wp-block-search__input-1\" placeholder=\"Suchen\" value=\"\" type=\"search\" name=\"s\" required \/><button aria-label=\"Suchen\" class=\"wp-block-search__button has-icon wp-element-button\" type=\"submit\" ><svg class=\"search-icon\" viewBox=\"0 0 24 24\" width=\"24\" height=\"24\">\n\t\t\t\t\t<path d=\"M13 5c-3.3 0-6 2.7-6 6 0 1.4.5 2.7 1.3 3.7l-3.8 3.8 1.1 1.1 3.8-3.8c1 .8 2.3 1.3 3.7 1.3 3.3 0 6-2.7 6-6S16.3 5 13 5zm0 10.5c-2.5 0-4.5-2-4.5-4.5s2-4.5 4.5-4.5 4.5 2 4.5 4.5-2 4.5-4.5 4.5z\"><\/path>\n\t\t\t\t<\/svg><\/button><\/div><\/form>\n\n\n<p class=\"gb-text gb-text-531cda4a\">Hier finden sich alle Projekte, die H:Artland e.V. seit seiner Gr\u00fcndung unterst\u00fctzt hat.<\/p>\n\n\n\n<div><ul class=\"gb-looper-bc434064\">\n<li class=\"gb-loop-item post-704 post type-post status-publish format-standard has-post-thumbnail hentry category-uncategorized\">\n<article class=\"gb-element-85056427\">\n<img loading=\"lazy\" decoding=\"async\" width=\"150\" height=\"150\" alt=\"\" data-media-id=\"319\" class=\"gb-media-b16e8795\" src=\"https:\/\/verein.hades.wpspace.me\/wp-content\/uploads\/2025\/07\/jene-stephaniuk-lkmGeyLItrw-unsplash-ls-150x150.jpg\"\/>\n\n\n\n<div class=\"gb-element-8aaa434a\">\n<div class=\"gb-text gb-text-495c0a76\"><span>Uncategorized<\/span><\/div>\n\n\n\n<h3 class=\"gb-text gb-text-c951c895\"><a href=\"https:\/\/verein.hades.wpspace.me\/?p=704\">Dieser Beitrag hat im Original ein Bild<\/a><\/h3>\n<\/div>\n<\/article>\n<\/li>\n\n<li class=\"gb-loop-item post-702 post type-post status-publish format-standard hentry category-uncategorized\">\n<article class=\"gb-element-85056427\">\n\n\n<div class=\"gb-element-8aaa434a\">\n<div class=\"gb-text gb-text-495c0a76\"><span>Uncategorized<\/span><\/div>\n\n\n\n<h3 class=\"gb-text gb-text-c951c895\"><a href=\"https:\/\/verein.hades.wpspace.me\/?p=702\">Wo steht denn dieser Beitrag?<\/a><\/h3>\n<\/div>\n<\/article>\n<\/li>\n\n<li class=\"gb-loop-item post-1 post type-post status-publish format-standard hentry category-archiv category-uncategorized\">\n<article class=\"gb-element-85056427\">\n\n\n<div class=\"gb-element-8aaa434a\">\n<div class=\"gb-text gb-text-495c0a76\"><span>Archiv<\/span>, <span>Uncategorized<\/span><\/div>\n\n\n\n<h3 class=\"gb-text gb-text-c951c895\"><a href=\"https:\/\/verein.hades.wpspace.me\/?p=1\">Hello world!<\/a><\/h3>\n<\/div>\n<\/article>\n<\/li>\n\n<li class=\"gb-loop-item post-21 post type-post status-publish format-standard has-post-thumbnail hentry category-uncategorized\">\n<article class=\"gb-element-85056427\">\n<img loading=\"lazy\" decoding=\"async\" width=\"150\" height=\"150\" alt=\"\" data-media-id=\"319\" class=\"gb-media-b16e8795\" src=\"https:\/\/verein.hades.wpspace.me\/wp-content\/uploads\/2025\/07\/jene-stephaniuk-lkmGeyLItrw-unsplash-ls-150x150.jpg\"\/>\n\n\n\n<div class=\"gb-element-8aaa434a\">\n<div class=\"gb-text gb-text-495c0a76\"><span>Uncategorized<\/span><\/div>\n\n\n\n<h3 class=\"gb-text gb-text-c951c895\"><a href=\"https:\/\/verein.hades.wpspace.me\/?p=21\">1The art of storytelling through illustration techniques<\/a><\/h3>\n<\/div>\n<\/article>\n<\/li>\n\n<li class=\"gb-loop-item post-19 post type-post status-publish format-standard has-post-thumbnail hentry category-uncategorized\">\n<article class=\"gb-element-85056427\">\n<img loading=\"lazy\" decoding=\"async\" width=\"150\" height=\"150\" alt=\"\" data-media-id=\"206\" class=\"gb-media-b16e8795\" src=\"https:\/\/verein.hades.wpspace.me\/wp-content\/uploads\/2025\/06\/jene-stephaniuk-npor1lLefTk-unsplash-ls-150x150.jpg\"\/>\n\n\n\n<div class=\"gb-element-8aaa434a\">\n<div class=\"gb-text gb-text-495c0a76\"><span>Uncategorized<\/span><\/div>\n\n\n\n<h3 class=\"gb-text gb-text-c951c895\"><a href=\"https:\/\/verein.hades.wpspace.me\/?p=19\">Transforming your ideas from sketchbook to illustration<\/a><\/h3>\n<\/div>\n<\/article>\n<\/li>\n\n<li class=\"gb-loop-item post-17 post type-post status-publish format-standard has-post-thumbnail hentry category-uncategorized\">\n<article class=\"gb-element-85056427\">\n<img loading=\"lazy\" decoding=\"async\" width=\"150\" height=\"150\" alt=\"\" data-media-id=\"207\" class=\"gb-media-b16e8795\" src=\"https:\/\/verein.hades.wpspace.me\/wp-content\/uploads\/2025\/06\/jene-stephaniuk-DbM_3B2qILs-unsplash-ls-150x150.jpg\"\/>\n\n\n\n<div class=\"gb-element-8aaa434a\">\n<div class=\"gb-text gb-text-495c0a76\"><span>Uncategorized<\/span><\/div>\n\n\n\n<h3 class=\"gb-text gb-text-c951c895\"><a href=\"https:\/\/verein.hades.wpspace.me\/?p=17\">How to enhance your creativity with free digital tools<\/a><\/h3>\n<\/div>\n<\/article>\n<\/li>\n\n<li class=\"gb-loop-item post-15 post type-post status-publish format-standard hentry category-uncategorized\">\n<article class=\"gb-element-85056427\">\n\n\n<div class=\"gb-element-8aaa434a\">\n<div class=\"gb-text gb-text-495c0a76\"><span>Uncategorized<\/span><\/div>\n\n\n\n<h3 class=\"gb-text gb-text-c951c895\"><a href=\"https:\/\/verein.hades.wpspace.me\/?p=15\">Essential advice for digital illustrators seeking success<\/a><\/h3>\n<\/div>\n<\/article>\n<\/li>\n\n<li class=\"gb-loop-item post-13 post type-post status-publish format-standard hentry category-uncategorized\">\n<article class=\"gb-element-85056427\">\n\n\n<div class=\"gb-element-8aaa434a\">\n<div class=\"gb-text gb-text-495c0a76\"><span>Uncategorized<\/span><\/div>\n\n\n\n<h3 class=\"gb-text gb-text-c951c895\"><a href=\"https:\/\/verein.hades.wpspace.me\/?p=13\">Finding inspiration in the digital art world around you<\/a><\/h3>\n<\/div>\n<\/article>\n<\/li>\n\n<li class=\"gb-loop-item post-708 post type-post status-publish format-standard has-post-thumbnail hentry category-archiv category-neuigkeit category-projekt\">\n<article class=\"gb-element-85056427\">\n<img loading=\"lazy\" decoding=\"async\" width=\"150\" height=\"150\" alt=\"\" data-media-id=\"319\" class=\"gb-media-b16e8795\" src=\"https:\/\/verein.hades.wpspace.me\/wp-content\/uploads\/2025\/07\/jene-stephaniuk-lkmGeyLItrw-unsplash-ls-150x150.jpg\"\/>\n\n\n\n<div class=\"gb-element-8aaa434a\">\n<div class=\"gb-text gb-text-495c0a76\"><span>Archiv<\/span>, <span>Neuigkeit<\/span>, <span>Projekt<\/span><\/div>\n\n\n\n<h3 class=\"gb-text gb-text-c951c895\"><a href=\"https:\/\/verein.hades.wpspace.me\/?p=708\">H:Artland unterst\u00fctzt die multimediale Installation &#8222;Die Zeitmaschine&#8220;<\/a><\/h3>\n<\/div>\n<\/article>\n<\/li>\n\n<li class=\"gb-loop-item post-706 post type-post status-publish format-standard has-post-thumbnail hentry category-archiv category-neuigkeit category-projekt\">\n<article class=\"gb-element-85056427\">\n<img loading=\"lazy\" decoding=\"async\" width=\"150\" height=\"150\" alt=\"\" data-media-id=\"319\" class=\"gb-media-b16e8795\" src=\"https:\/\/verein.hades.wpspace.me\/wp-content\/uploads\/2025\/07\/jene-stephaniuk-lkmGeyLItrw-unsplash-ls-150x150.jpg\"\/>\n\n\n\n<div class=\"gb-element-8aaa434a\">\n<div class=\"gb-text gb-text-495c0a76\"><span>Archiv<\/span>, <span>Neuigkeit<\/span>, <span>Projekt<\/span><\/div>\n\n\n\n<h3 class=\"gb-text gb-text-c951c895\"><a href=\"https:\/\/verein.hades.wpspace.me\/?p=706\">H:Artland unterst\u00fctzt bedside Poems<\/a><\/h3>\n<\/div>\n<\/article>\n<\/li>\n\n<li class=\"gb-loop-item post-11 post type-post status-publish format-standard has-post-thumbnail hentry category-archiv category-neuigkeit category-projekt\">\n<article class=\"gb-element-85056427\">\n<img loading=\"lazy\" decoding=\"async\" width=\"150\" height=\"150\" alt=\"\" data-media-id=\"791\" class=\"gb-media-b16e8795\" src=\"https:\/\/verein.hades.wpspace.me\/wp-content\/uploads\/2022\/05\/PRESSEMITTEILUNG-3-150x150.png\"\/>\n\n\n\n<div class=\"gb-element-8aaa434a\">\n<div class=\"gb-text gb-text-495c0a76\"><span>Archiv<\/span>, <span>Neuigkeit<\/span>, <span>Projekt<\/span><\/div>\n\n\n\n<h3 class=\"gb-text gb-text-c951c895\"><a href=\"https:\/\/verein.hades.wpspace.me\/?p=11\">H:Artland unterst\u00fctzt Ausstellung &#8222;I am the product&#8220;<\/a><\/h3>\n<\/div>\n<\/article>\n<\/li>\n<\/ul><\/div>\n<\/div>\n<\/div>\n<\/div>\n\n\n\n<div class=\"gb-element-aafe034a\">\n<div class=\"gb-element-bab97dec\">\n<div><\/div>\n\n\n\n<h2 class=\"gb-text gb-text-58491eeb\">Chronologie<\/h2>\n\n\n\n<p class=\"gb-text gb-text-f17e9bef\">Hier finden sich alle Projekte, die H:Artland e.V. seit seiner Gr\u00fcndung unterst\u00fctzt hat, gegliedert nach Jahren.<\/p>\n\n\n<div class=\"wp-block-archives-dropdown alignleft wp-block-archives\"><label for=\"wp-block-archives-2\" class=\"wp-block-archives__label\">Archiv<\/label>\n\t\t<select id=\"wp-block-archives-2\" name=\"archive-dropdown\">\n\t\t<option value=\"\">Jahr ausw\u00e4hlen<\/option>\t<option value='https:\/\/verein.hades.wpspace.me\/?m=2026'> 2026 <\/option>\n\t<option value='https:\/\/verein.hades.wpspace.me\/?m=2025'> 2025 <\/option>\n\t<option value='https:\/\/verein.hades.wpspace.me\/?m=2023'> 2023 <\/option>\n\t<option value='https:\/\/verein.hades.wpspace.me\/?m=2022'> 2022 <\/option>\n<\/select><script>\n( ( [ dropdownId, homeUrl ] ) => {\n\t\tconst dropdown = document.getElementById( dropdownId );\n\t\tfunction onSelectChange() {\n\t\t\tsetTimeout( () => {\n\t\t\t\tif ( 'escape' === dropdown.dataset.lastkey ) {\n\t\t\t\t\treturn;\n\t\t\t\t}\n\t\t\t\tif ( dropdown.value ) {\n\t\t\t\t\tlocation.href = dropdown.value;\n\t\t\t\t}\n\t\t\t}, 250 );\n\t\t}\n\t\tfunction onKeyUp( event ) {\n\t\t\tif ( 'Escape' === event.key ) {\n\t\t\t\tdropdown.dataset.lastkey = 'escape';\n\t\t\t} else {\n\t\t\t\tdelete dropdown.dataset.lastkey;\n\t\t\t}\n\t\t}\n\t\tfunction onClick() {\n\t\t\tdelete dropdown.dataset.lastkey;\n\t\t}\n\t\tdropdown.addEventListener( 'keyup', onKeyUp );\n\t\tdropdown.addEventListener( 'click', onClick );\n\t\tdropdown.addEventListener( 'change', onSelectChange );\n\t} )( [\"wp-block-archives-2\",\"https:\/\/verein.hades.wpspace.me\"] );\n\/\/# sourceURL=block_core_archives_build_dropdown_script\n<\/script>\n<\/div><\/div>\n<\/div>\n\n\n\n<p><\/p>\n","protected":false},"excerpt":{"rendered":"<p>St\u00f6bern Hier finden sich alle Projekte, die H:Artland e.V. seit seiner Gr\u00fcndung unterst\u00fctzt hat. Chronologie Hier finden sich alle Projekte, die H:Artland e.V. seit seiner Gr\u00fcndung unterst\u00fctzt hat, gegliedert nach Jahren.<\/p>\n","protected":false},"author":1,"featured_media":0,"parent":0,"menu_order":0,"comment_status":"closed","ping_status":"closed","template":"","meta":{"footnotes":""},"class_list":["post-692","page","type-page","status-publish"],"_links":{"self":[{"href":"https:\/\/verein.hades.wpspace.me\/index.php?rest_route=\/wp\/v2\/pages\/692","targetHints":{"allow":["GET"]}}],"collection":[{"href":"https:\/\/verein.hades.wpspace.me\/index.php?rest_route=\/wp\/v2\/pages"}],"about":[{"href":"https:\/\/verein.hades.wpspace.me\/index.php?rest_route=\/wp\/v2\/types\/page"}],"author":[{"embeddable":true,"href":"https:\/\/verein.hades.wpspace.me\/index.php?rest_route=\/wp\/v2\/users\/1"}],"replies":[{"embeddable":true,"href":"https:\/\/verein.hades.wpspace.me\/index.php?rest_route=%2Fwp%2Fv2%2Fcomments&post=692"}],"version-history":[{"count":24,"href":"https:\/\/verein.hades.wpspace.me\/index.php?rest_route=\/wp\/v2\/pages\/692\/revisions"}],"predecessor-version":[{"id":817,"href":"https:\/\/verein.hades.wpspace.me\/index.php?rest_route=\/wp\/v2\/pages\/692\/revisions\/817"}],"wp:attachment":[{"href":"https:\/\/verein.hades.wpspace.me\/index.php?rest_route=%2Fwp%2Fv2%2Fmedia&parent=692"}],"curies":[{"name":"wp","href":"https:\/\/api.w.org\/{rel}","templated":true}]}}